{"id":51,"date":"2026-01-08T13:19:57","date_gmt":"2026-01-08T13:19:57","guid":{"rendered":"https:\/\/molaevents.com\/?page_id=51"},"modified":"2026-03-26T12:19:08","modified_gmt":"2026-03-26T12:19:08","slug":"contact","status":"publish","type":"page","link":"https:\/\/molaevents.com\/en\/contacta\/","title":{"rendered":"Contact"},"content":{"rendered":"<style>.elementor-51 .elementor-element.elementor-element-19eb619e{--display:flex;--min-height:91vh;--flex-direction:row;--container-widget-width:initial;--container-widget-height:100%;--container-widget-flex-grow:1;--container-widget-align-self:stretch;--flex-wrap-mobile:wrap;--gap:0px 0px;--row-gap:0px;--column-gap:0px;--margin-top:0%;--margin-bottom:0%;--margin-left:0%;--margin-right:0%;--padding-top:0px;--padding-bottom:0px;--padding-left:0px;--padding-right:0px;}.elementor-51 .elementor-element.elementor-element-62b56933{--display:flex;--min-height:0vh;--justify-content:flex-end;--align-items:flex-end;--container-widget-width:calc( ( 1 - var( --container-widget-flex-grow ) ) * 100% );--gap:40px 40px;--row-gap:40px;--column-gap:40px;--flex-wrap:wrap;--padding-top:0px;--padding-bottom:0px;--padding-left:0px;--padding-right:120px;}.elementor-51 .elementor-element.elementor-element-62b56933:not(.elementor-motion-effects-element-type-background), .elementor-51 .elementor-element.elementor-element-62b56933 > .elementor-motion-effects-container > .elementor-motion-effects-layer{background-color:var( --e-global-color-9b7d023 );}.elementor-51 .elementor-element.elementor-element-62b56933.e-con{--flex-grow:1;--flex-shrink:0;}.elementor-51 .elementor-element.elementor-element-2ab2e5ce{--display:flex;--flex-direction:column;--container-widget-width:calc( ( 1 - var( --container-widget-flex-grow ) ) * 100% );--container-widget-height:initial;--container-widget-flex-grow:0;--container-widget-align-self:initial;--flex-wrap-mobile:wrap;--justify-content:flex-end;--align-items:flex-start;--gap:20px 20px;--row-gap:20px;--column-gap:20px;--flex-wrap:wrap;}.elementor-51 .elementor-element.elementor-element-6f0dcdc1{margin:-0.5em 0em calc(var(--kit-widget-spacing, 0px) + 0em) 0em;text-align:end;}.elementor-51 .elementor-element.elementor-element-6f0dcdc1 .elementor-heading-title{font-family:\"Canela Thin\", Sans-serif;font-size:20px;font-weight:600;letter-spacing:0.9px;color:var( --e-global-color-text );}.elementor-51 .elementor-element.elementor-element-7da3f066{margin:-0.5em 0em calc(var(--kit-widget-spacing, 0px) + 0em) 0em;text-align:start;}.elementor-51 .elementor-element.elementor-element-60d5f318{--display:flex;--flex-direction:column;--container-widget-width:calc( ( 1 - var( --container-widget-flex-grow ) ) * 100% );--container-widget-height:initial;--container-widget-flex-grow:0;--container-widget-align-self:initial;--flex-wrap-mobile:wrap;--align-items:flex-start;--gap:20px 20px;--row-gap:20px;--column-gap:20px;--flex-wrap:wrap;--margin-top:0%;--margin-bottom:3%;--margin-left:0%;--margin-right:0%;}.elementor-51 .elementor-element.elementor-element-1ba9509b{margin:-0.5em 0em calc(var(--kit-widget-spacing, 0px) + 0em) 0em;text-align:start;}.elementor-51 .elementor-element.elementor-element-1ba9509b .elementor-heading-title{font-family:\"Canela Thin\", Sans-serif;font-size:20px;font-weight:600;letter-spacing:0.9px;color:var( --e-global-color-text );}.elementor-51 .elementor-element.elementor-element-486a0a3{width:initial;max-width:initial;--e-icon-list-icon-size:14px;--icon-vertical-offset:0px;}.elementor-51 .elementor-element.elementor-element-486a0a3 .elementor-icon-list-items:not(.elementor-inline-items) .elementor-icon-list-item:not(:last-child){padding-block-end:calc(11px\/2);}.elementor-51 .elementor-element.elementor-element-486a0a3 .elementor-icon-list-items:not(.elementor-inline-items) .elementor-icon-list-item:not(:first-child){margin-block-start:calc(11px\/2);}.elementor-51 .elementor-element.elementor-element-486a0a3 .elementor-icon-list-items.elementor-inline-items .elementor-icon-list-item{margin-inline:calc(11px\/2);}.elementor-51 .elementor-element.elementor-element-486a0a3 .elementor-icon-list-items.elementor-inline-items{margin-inline:calc(-11px\/2);}.elementor-51 .elementor-element.elementor-element-486a0a3 .elementor-icon-list-items.elementor-inline-items .elementor-icon-list-item:after{inset-inline-end:calc(-11px\/2);}.elementor-51 .elementor-element.elementor-element-486a0a3 .elementor-icon-list-icon i{transition:color 0.3s;}.elementor-51 .elementor-element.elementor-element-486a0a3 .elementor-icon-list-icon svg{transition:fill 0.3s;}.elementor-51 .elementor-element.elementor-element-486a0a3 .elementor-icon-list-text{transition:color 0.3s;}.elementor-51 .elementor-element.elementor-element-2cfe8c97{--display:flex;--flex-direction:column;--container-widget-width:calc( ( 1 - var( --container-widget-flex-grow ) ) * 100% );--container-widget-height:initial;--container-widget-flex-grow:0;--container-widget-align-self:initial;--flex-wrap-mobile:wrap;--justify-content:flex-end;--align-items:flex-end;--gap:20px 20px;--row-gap:20px;--column-gap:20px;--flex-wrap:wrap;}.elementor-51 .elementor-element.elementor-element-35b9d2a9{--spacer-size:50px;}.elementor-51 .elementor-element.elementor-element-41cbe19{--display:flex;--min-height:0vh;--flex-wrap:wrap;}.elementor-51 .elementor-element.elementor-element-41cbe19.e-con{--flex-grow:1;--flex-shrink:0;}.elementor-51 .elementor-element.elementor-element-68c5cd9{--display:flex;--flex-direction:column;--container-widget-width:100%;--container-widget-height:initial;--container-widget-flex-grow:0;--container-widget-align-self:initial;--flex-wrap-mobile:wrap;--padding-top:8%;--padding-bottom:0%;--padding-left:5%;--padding-right:7%;}.elementor-51 .elementor-element.elementor-element-68c5cd9:not(.elementor-motion-effects-element-type-background), .elementor-51 .elementor-element.elementor-element-68c5cd9 > .elementor-motion-effects-container > .elementor-motion-effects-layer{background-color:#FFFEFD;}.elementor-51 .elementor-element.elementor-element-96666a4{width:var( --container-widget-width, 54% );max-width:54%;--container-widget-width:54%;--container-widget-flex-grow:0;}.elementor-51 .elementor-element.elementor-element-96666a4 .elementor-heading-title{font-family:\"Tenor Sans\", Sans-serif;font-size:59px;color:var( --e-global-color-9b7d023 );}.elementor-51 .elementor-element.elementor-element-6591753{font-family:\"Inter\", Sans-serif;font-size:16px;font-weight:300;color:var( --e-global-color-9b7d023 );}.elementor-51 .elementor-element.elementor-element-e1b7102{width:100%;max-width:100%;--e-form-steps-indicators-spacing:20px;--e-form-steps-indicator-padding:30px;--e-form-steps-indicator-inactive-secondary-color:#ffffff;--e-form-steps-indicator-active-secondary-color:#ffffff;--e-form-steps-indicator-completed-secondary-color:#ffffff;--e-form-steps-divider-width:1px;--e-form-steps-divider-gap:10px;}.elementor-51 .elementor-element.elementor-element-e1b7102 .elementor-field-group{padding-right:calc( 0px\/2 );padding-left:calc( 0px\/2 );margin-bottom:21px;}.elementor-51 .elementor-element.elementor-element-e1b7102 .elementor-form-fields-wrapper{margin-left:calc( -0px\/2 );margin-right:calc( -0px\/2 );margin-bottom:-21px;}.elementor-51 .elementor-element.elementor-element-e1b7102 .elementor-field-group.recaptcha_v3-bottomleft, .elementor-51 .elementor-element.elementor-element-e1b7102 .elementor-field-group.recaptcha_v3-bottomright{margin-bottom:0;}body.rtl .elementor-51 .elementor-element.elementor-element-e1b7102 .elementor-labels-inline .elementor-field-group > label{padding-left:0px;}body:not(.rtl) .elementor-51 .elementor-element.elementor-element-e1b7102 .elementor-labels-inline .elementor-field-group > label{padding-right:0px;}body .elementor-51 .elementor-element.elementor-element-e1b7102 .elementor-labels-above .elementor-field-group > label{padding-bottom:0px;}.elementor-51 .elementor-element.elementor-element-e1b7102 .elementor-field-group > label, .elementor-51 .elementor-element.elementor-element-e1b7102 .elementor-field-subgroup label{color:var( --e-global-color-9b7d023 );}.elementor-51 .elementor-element.elementor-element-e1b7102 .elementor-field-group > label{font-size:13px;}.elementor-51 .elementor-element.elementor-element-e1b7102 .elementor-field-type-html{padding-bottom:0px;font-family:var( --e-global-typography-text-font-family ), Sans-serif;font-size:var( --e-global-typography-text-font-size );font-weight:var( --e-global-typography-text-font-weight );}.elementor-51 .elementor-element.elementor-element-e1b7102 .elementor-field-group .elementor-field{color:#050505;}.elementor-51 .elementor-element.elementor-element-e1b7102 .elementor-field-group .elementor-field, .elementor-51 .elementor-element.elementor-element-e1b7102 .elementor-field-subgroup label{font-family:\"Inter\", Sans-serif;font-size:12px;font-weight:400;font-style:normal;text-transform:none;line-height:0.9em;letter-spacing:-0.6px;}.elementor-51 .elementor-element.elementor-element-e1b7102 .elementor-field-group .elementor-field:not(.elementor-select-wrapper){border-color:var( --e-global-color-9b7d023 );border-width:0px 0px 1px 0px;border-radius:0px 0px 0px 0px;}.elementor-51 .elementor-element.elementor-element-e1b7102 .elementor-field-group .elementor-select-wrapper select{border-color:var( --e-global-color-9b7d023 );border-width:0px 0px 1px 0px;border-radius:0px 0px 0px 0px;}.elementor-51 .elementor-element.elementor-element-e1b7102 .elementor-field-group .elementor-select-wrapper::before{color:var( --e-global-color-9b7d023 );}.elementor-51 .elementor-element.elementor-element-e1b7102 .elementor-button span{justify-content:center;}.elementor-51 .elementor-element.elementor-element-e1b7102 .elementor-button{font-family:\"Inter\", Sans-serif;font-size:15px;font-weight:700;text-transform:uppercase;line-height:1.3em;letter-spacing:2px;border-style:solid;border-width:2px 2px 2px 2px;border-radius:0px 0px 0px 0px;padding:20px 45px 20px 45px;}.elementor-51 .elementor-element.elementor-element-e1b7102 .e-form__buttons__wrapper__button-next{color:var( --e-global-color-9ddef23 );border-color:var( --e-global-color-9ddef23 );}.elementor-51 .elementor-element.elementor-element-e1b7102 .elementor-button[type=\"submit\"]{color:var( --e-global-color-9ddef23 );border-color:var( --e-global-color-9ddef23 );}.elementor-51 .elementor-element.elementor-element-e1b7102 .elementor-button[type=\"submit\"] svg *{fill:var( --e-global-color-9ddef23 );}.elementor-51 .elementor-element.elementor-element-e1b7102 .e-form__buttons__wrapper__button-next:hover{background-color:var( --e-global-color-accent );color:#333333;}.elementor-51 .elementor-element.elementor-element-e1b7102 .elementor-button[type=\"submit\"]:hover{background-color:var( --e-global-color-accent );color:#333333;}.elementor-51 .elementor-element.elementor-element-e1b7102 .elementor-button[type=\"submit\"]:hover svg *{fill:#333333;}.elementor-51 .elementor-element.elementor-element-e1b7102 .e-form__buttons__wrapper__button-previous:hover{color:#ffffff;}.elementor-51 .elementor-element.elementor-element-e1b7102 .elementor-message{font-family:var( --e-global-typography-text-font-family ), Sans-serif;font-size:var( --e-global-typography-text-font-size );font-weight:var( --e-global-typography-text-font-weight );}.elementor-51 .elementor-element.elementor-element-e1b7102 .elementor-message.elementor-message-success{color:var( --e-global-color-accent );}:root{--page-title-display:none;}@media(min-width:768px){.elementor-51 .elementor-element.elementor-element-62b56933{--width:25%;}.elementor-51 .elementor-element.elementor-element-2ab2e5ce{--width:200px;}.elementor-51 .elementor-element.elementor-element-60d5f318{--width:200px;}.elementor-51 .elementor-element.elementor-element-2cfe8c97{--width:200px;}.elementor-51 .elementor-element.elementor-element-41cbe19{--width:23%;}.elementor-51 .elementor-element.elementor-element-68c5cd9{--width:100%;}}@media(max-width:1024px) and (min-width:768px){.elementor-51 .elementor-element.elementor-element-62b56933{--width:100%;}.elementor-51 .elementor-element.elementor-element-2ab2e5ce{--width:30%;}.elementor-51 .elementor-element.elementor-element-60d5f318{--width:30%;}.elementor-51 .elementor-element.elementor-element-2cfe8c97{--width:30%;}.elementor-51 .elementor-element.elementor-element-41cbe19{--width:100%;}}@media(max-width:1024px){.elementor-51 .elementor-element.elementor-element-19eb619e{--min-height:0px;--flex-direction:column;--container-widget-width:100%;--container-widget-height:initial;--container-widget-flex-grow:0;--container-widget-align-self:initial;--flex-wrap-mobile:wrap;--margin-top:-3%;--margin-bottom:0%;--margin-left:0%;--margin-right:0%;}.elementor-51 .elementor-element.elementor-element-62b56933{--min-height:0vh;--flex-direction:row;--container-widget-width:calc( ( 1 - var( --container-widget-flex-grow ) ) * 100% );--container-widget-height:100%;--container-widget-flex-grow:1;--container-widget-align-self:stretch;--flex-wrap-mobile:wrap;--justify-content:flex-start;--align-items:flex-start;--gap:30px 30px;--row-gap:30px;--column-gap:30px;--padding-top:80px;--padding-bottom:60px;--padding-left:40px;--padding-right:40px;}.elementor-51 .elementor-element.elementor-element-62b56933.e-con{--order:99999 \/* order end hack *\/;}.elementor-51 .elementor-element.elementor-element-2ab2e5ce{--justify-content:flex-start;--align-items:flex-start;--container-widget-width:calc( ( 1 - var( --container-widget-flex-grow ) ) * 100% );--gap:15px 15px;--row-gap:15px;--column-gap:15px;}.elementor-51 .elementor-element.elementor-element-6f0dcdc1{text-align:start;}.elementor-51 .elementor-element.elementor-element-7da3f066{text-align:start;}.elementor-51 .elementor-element.elementor-element-60d5f318{--justify-content:flex-start;--align-items:flex-start;--container-widget-width:calc( ( 1 - var( --container-widget-flex-grow ) ) * 100% );--gap:15px 15px;--row-gap:15px;--column-gap:15px;}.elementor-51 .elementor-element.elementor-element-1ba9509b{text-align:start;}.elementor-51 .elementor-element.elementor-element-2cfe8c97{--justify-content:flex-start;--align-items:flex-start;--container-widget-width:calc( ( 1 - var( --container-widget-flex-grow ) ) * 100% );--gap:15px 15px;--row-gap:15px;--column-gap:15px;}.elementor-51 .elementor-element.elementor-element-41cbe19{--min-height:30vh;}.elementor-51 .elementor-element.elementor-element-e1b7102 .elementor-field-type-html{font-size:var( --e-global-typography-text-font-size );}.elementor-51 .elementor-element.elementor-element-e1b7102 .elementor-message{font-size:var( --e-global-typography-text-font-size );}}@media(max-width:767px){.elementor-51 .elementor-element.elementor-element-62b56933{--min-height:0vh;--padding-top:60px;--padding-bottom:60px;--padding-left:20px;--padding-right:20px;}.elementor-51 .elementor-element.elementor-element-6f0dcdc1 .elementor-heading-title{line-height:1.5em;}.elementor-51 .elementor-element.elementor-element-1ba9509b .elementor-heading-title{line-height:1.5em;}.elementor-51 .elementor-element.elementor-element-41cbe19{--min-height:60vh;}.elementor-51 .elementor-element.elementor-element-68c5cd9{--margin-top:0%;--margin-bottom:0%;--margin-left:0%;--margin-right:0%;--padding-top:12%;--padding-bottom:13%;--padding-left:9%;--padding-right:9%;}.elementor-51 .elementor-element.elementor-element-96666a4 .elementor-heading-title{font-size:47px;}.elementor-51 .elementor-element.elementor-element-e1b7102 .elementor-field-type-html{font-size:var( --e-global-typography-text-font-size );}.elementor-51 .elementor-element.elementor-element-e1b7102 .elementor-message{font-size:var( --e-global-typography-text-font-size );}}<\/style>\t\t<div data-elementor-type=\"wp-page\" data-elementor-id=\"51\" class=\"elementor elementor-51\" data-elementor-post-type=\"page\">\n\t\t\t\t<div class=\"elementor-element elementor-element-19eb619e e-con-full e-flex e-con e-parent\" data-id=\"19eb619e\" data-element_type=\"container\">\n\t\t<div class=\"elementor-element elementor-element-62b56933 e-con-full e-flex elementor-invisible e-con e-child\" data-id=\"62b56933\" data-element_type=\"container\" data-settings=\"{&quot;background_background&quot;:&quot;classic&quot;,&quot;animation&quot;:&quot;fadeIn&quot;}\">\n\t\t<div class=\"elementor-element elementor-element-2ab2e5ce e-con-full e-flex e-con e-child\" data-id=\"2ab2e5ce\" data-element_type=\"container\">\n\t\t\t\t<div class=\"elementor-element elementor-element-6f0dcdc1 elementor-widget elementor-widget-heading\" data-id=\"6f0dcdc1\" data-element_type=\"widget\" data-widget_type=\"heading.default\">\n\t\t\t\t\t<div class=\"elementor-heading-title elementor-size-default\">UBICACI\u00d3N<\/div>\t\t\t\t<\/div>\n\t\t\t\t<div class=\"elementor-element elementor-element-7da3f066 elementor-widget elementor-widget-text-editor\" data-id=\"7da3f066\" data-element_type=\"widget\" data-widget_type=\"text-editor.default\">\n\t\t\t\t\t\t\t\t\t<p>Donostia \/ San Sebasti\u00e1n<\/p>\t\t\t\t\t\t\t\t<\/div>\n\t\t\t\t<\/div>\n\t\t<div class=\"elementor-element elementor-element-60d5f318 e-con-full e-flex e-con e-child\" data-id=\"60d5f318\" data-element_type=\"container\">\n\t\t\t\t<div class=\"elementor-element elementor-element-1ba9509b elementor-widget elementor-widget-heading\" data-id=\"1ba9509b\" data-element_type=\"widget\" data-widget_type=\"heading.default\">\n\t\t\t\t\t<div class=\"elementor-heading-title elementor-size-default\">CONTACTO<\/div>\t\t\t\t<\/div>\n\t\t\t\t<div class=\"elementor-element elementor-element-486a0a3 elementor-align-start elementor-widget__width-initial elementor-icon-list--layout-traditional elementor-list-item-link-full_width elementor-widget elementor-widget-icon-list\" data-id=\"486a0a3\" data-element_type=\"widget\" data-widget_type=\"icon-list.default\">\n\t\t\t\t\t\t\t<ul class=\"elementor-icon-list-items\">\n\t\t\t\t\t\t\t<li class=\"elementor-icon-list-item\">\n\t\t\t\t\t\t\t\t\t\t\t<span class=\"elementor-icon-list-icon\">\n\t\t\t\t\t\t\t<i aria-hidden=\"true\" class=\"icon icon-comment2\"><\/i>\t\t\t\t\t\t<\/span>\n\t\t\t\t\t\t\t\t\t\t<span class=\"elementor-icon-list-text\">events@molaevents.com<\/span>\n\t\t\t\t\t\t\t\t\t<\/li>\n\t\t\t\t\t\t\t\t<li class=\"elementor-icon-list-item\">\n\t\t\t\t\t\t\t\t\t\t\t<span class=\"elementor-icon-list-icon\">\n\t\t\t\t\t\t\t<svg aria-hidden=\"true\" class=\"e-font-icon-svg e-fas-phone-alt\" viewBox=\"0 0 512 512\" xmlns=\"http:\/\/www.w3.org\/2000\/svg\"><path d=\"M497.39 361.8l-112-48a24 24 0 0 0-28 6.9l-49.6 60.6A370.66 370.66 0 0 1 130.6 204.11l60.6-49.6a23.94 23.94 0 0 0 6.9-28l-48-112A24.16 24.16 0 0 0 122.6.61l-104 24A24 24 0 0 0 0 48c0 256.5 207.9 464 464 464a24 24 0 0 0 23.4-18.6l24-104a24.29 24.29 0 0 0-14.01-27.6z\"><\/path><\/svg>\t\t\t\t\t\t<\/span>\n\t\t\t\t\t\t\t\t\t\t<span class=\"elementor-icon-list-text\">+34 617 276 811<\/span>\n\t\t\t\t\t\t\t\t\t<\/li>\n\t\t\t\t\t\t\t\t<li class=\"elementor-icon-list-item\">\n\t\t\t\t\t\t\t\t\t\t\t<span class=\"elementor-icon-list-icon\">\n\t\t\t\t\t\t\t<svg aria-hidden=\"true\" class=\"e-font-icon-svg e-fab-instagram\" viewBox=\"0 0 448 512\" xmlns=\"http:\/\/www.w3.org\/2000\/svg\"><path d=\"M224.1 141c-63.6 0-114.9 51.3-114.9 114.9s51.3 114.9 114.9 114.9S339 319.5 339 255.9 287.7 141 224.1 141zm0 189.6c-41.1 0-74.7-33.5-74.7-74.7s33.5-74.7 74.7-74.7 74.7 33.5 74.7 74.7-33.6 74.7-74.7 74.7zm146.4-194.3c0 14.9-12 26.8-26.8 26.8-14.9 0-26.8-12-26.8-26.8s12-26.8 26.8-26.8 26.8 12 26.8 26.8zm76.1 27.2c-1.7-35.9-9.9-67.7-36.2-93.9-26.2-26.2-58-34.4-93.9-36.2-37-2.1-147.9-2.1-184.9 0-35.8 1.7-67.6 9.9-93.9 36.1s-34.4 58-36.2 93.9c-2.1 37-2.1 147.9 0 184.9 1.7 35.9 9.9 67.7 36.2 93.9s58 34.4 93.9 36.2c37 2.1 147.9 2.1 184.9 0 35.9-1.7 67.7-9.9 93.9-36.2 26.2-26.2 34.4-58 36.2-93.9 2.1-37 2.1-147.8 0-184.8zM398.8 388c-7.8 19.6-22.9 34.7-42.6 42.6-29.5 11.7-99.5 9-132.1 9s-102.7 2.6-132.1-9c-19.6-7.8-34.7-22.9-42.6-42.6-11.7-29.5-9-99.5-9-132.1s-2.6-102.7 9-132.1c7.8-19.6 22.9-34.7 42.6-42.6 29.5-11.7 99.5-9 132.1-9s102.7-2.6 132.1 9c19.6 7.8 34.7 22.9 42.6 42.6 11.7 29.5 9 99.5 9 132.1s2.7 102.7-9 132.1z\"><\/path><\/svg>\t\t\t\t\t\t<\/span>\n\t\t\t\t\t\t\t\t\t\t<span class=\"elementor-icon-list-text\">@mola_events_<\/span>\n\t\t\t\t\t\t\t\t\t<\/li>\n\t\t\t\t\t\t<\/ul>\n\t\t\t\t\t\t<\/div>\n\t\t\t\t<\/div>\n\t\t<div class=\"elementor-element elementor-element-2cfe8c97 e-con-full elementor-hidden-mobile e-flex e-con e-child\" data-id=\"2cfe8c97\" data-element_type=\"container\">\n\t\t\t\t<div class=\"elementor-element elementor-element-35b9d2a9 elementor-widget elementor-widget-spacer\" data-id=\"35b9d2a9\" data-element_type=\"widget\" data-widget_type=\"spacer.default\">\n\t\t\t\t\t\t\t<div class=\"elementor-spacer\">\n\t\t\t<div class=\"elementor-spacer-inner\"><\/div>\n\t\t<\/div>\n\t\t\t\t\t\t<\/div>\n\t\t\t\t<\/div>\n\t\t\t\t<\/div>\n\t\t<div class=\"elementor-element elementor-element-41cbe19 e-con-full elementor-hidden-mobile e-flex elementor-invisible e-con e-child\" data-id=\"41cbe19\" data-element_type=\"container\" data-settings=\"{&quot;background_background&quot;:&quot;video&quot;,&quot;animation&quot;:&quot;fadeIn&quot;,&quot;background_video_link&quot;:&quot;https:\\\/\\\/youtube.com\\\/shorts\\\/yedoUxri6tw&quot;,&quot;background_video_start&quot;:0}\">\n\t\t<div class=\"elementor-background-video-container elementor-hidden-mobile\" aria-hidden=\"true\">\n\t\t\t\t\t\t\t<div class=\"elementor-background-video-embed\"><\/div>\n\t\t\t\t\t\t<\/div>\t\t<\/div>\n\t\t<div class=\"elementor-element elementor-element-68c5cd9 e-con-full e-flex e-con e-child\" data-id=\"68c5cd9\" data-element_type=\"container\" data-settings=\"{&quot;background_background&quot;:&quot;classic&quot;}\">\n\t\t\t\t<div class=\"elementor-element elementor-element-96666a4 elementor-widget__width-initial elementor-widget elementor-widget-heading\" data-id=\"96666a4\" data-element_type=\"widget\" data-widget_type=\"heading.default\">\n\t\t\t\t\t<h2 class=\"elementor-heading-title elementor-size-default\">Contacta<\/h2>\t\t\t\t<\/div>\n\t\t\t\t<div class=\"elementor-element elementor-element-6591753 elementor-widget elementor-widget-text-editor\" data-id=\"6591753\" data-element_type=\"widget\" data-widget_type=\"text-editor.default\">\n\t\t\t\t\t\t\t\t\t<p>Disen\u0303amos experiencias que inspiran, conectan y perduran.<\/p><p><strong>En MOLA Events<\/strong> transformamos cada evento en una vivencia de alto valor, donde la cultura, la gastronomi\u0301a y la excelencia se encuentran.<\/p>\t\t\t\t\t\t\t\t<\/div>\n\t\t\t\t<div class=\"elementor-element elementor-element-e1b7102 elementor-widget__width-inherit elementor-tablet-button-align-center elementor-button-align-stretch elementor-widget elementor-widget-form\" data-id=\"e1b7102\" data-element_type=\"widget\" data-settings=\"{&quot;step_next_label&quot;:&quot;Next&quot;,&quot;step_previous_label&quot;:&quot;Previous&quot;,&quot;button_width&quot;:&quot;33&quot;,&quot;step_type&quot;:&quot;number_text&quot;,&quot;step_icon_shape&quot;:&quot;circle&quot;}\" data-widget_type=\"form.default\">\n\t\t\t\t\t\t\t<form class=\"elementor-form\" method=\"post\" name=\"New Form\" aria-label=\"New Form\">\n\t\t\t<input type=\"hidden\" name=\"post_id\" value=\"51\"\/>\n\t\t\t<input type=\"hidden\" name=\"form_id\" value=\"e1b7102\"\/>\n\t\t\t<input type=\"hidden\" name=\"referer_title\" value=\"Contacta con nosotros - Mola Events\" \/>\n\n\t\t\t\t\t\t\t<input type=\"hidden\" name=\"queried_id\" value=\"51\"\/>\n\t\t\t\n\t\t\t<div class=\"elementor-form-fields-wrapper elementor-labels-above\">\n\t\t\t\t\t\t\t\t<div class=\"elementor-field-type-text elementor-field-group elementor-column elementor-field-group-name elementor-col-100 elementor-field-required\">\n\t\t\t\t\t\t\t\t\t\t\t\t<label for=\"form-field-name\" class=\"elementor-field-label\">\n\t\t\t\t\t\t\t\tNombre *\t\t\t\t\t\t\t<\/label>\n\t\t\t\t\t\t\t\t\t\t\t\t\t\t<input size=\"1\" type=\"text\" name=\"form_fields[name]\" id=\"form-field-name\" class=\"elementor-field elementor-size-md  elementor-field-textual\" required=\"required\">\n\t\t\t\t\t\t\t\t\t\t\t<\/div>\n\t\t\t\t\t\t\t\t<div class=\"elementor-field-type-email elementor-field-group elementor-column elementor-field-group-email elementor-col-100 elementor-field-required\">\n\t\t\t\t\t\t\t\t\t\t\t\t<label for=\"form-field-email\" class=\"elementor-field-label\">\n\t\t\t\t\t\t\t\tEmail *\t\t\t\t\t\t\t<\/label>\n\t\t\t\t\t\t\t\t\t\t\t\t\t\t<input size=\"1\" type=\"email\" name=\"form_fields[email]\" id=\"form-field-email\" class=\"elementor-field elementor-size-md  elementor-field-textual\" required=\"required\">\n\t\t\t\t\t\t\t\t\t\t\t<\/div>\n\t\t\t\t\t\t\t\t<div class=\"elementor-field-type-textarea elementor-field-group elementor-column elementor-field-group-message elementor-col-100 elementor-field-required\">\n\t\t\t\t\t\t\t\t\t\t\t\t<label for=\"form-field-message\" class=\"elementor-field-label\">\n\t\t\t\t\t\t\t\tMensaje *\t\t\t\t\t\t\t<\/label>\n\t\t\t\t\t\t<textarea class=\"elementor-field-textual elementor-field  elementor-size-md\" name=\"form_fields[message]\" id=\"form-field-message\" rows=\"7\" required=\"required\"><\/textarea>\t\t\t\t<\/div>\n\t\t\t\t\t\t\t\t<div class=\"elementor-field-type-acceptance elementor-field-group elementor-column elementor-field-group-field_a2ebcc9 elementor-col-100 elementor-field-required\">\n\t\t\t\t\t\t\t<div class=\"elementor-field-subgroup\">\n\t\t\t<span class=\"elementor-field-option\">\n\t\t\t\t<input type=\"checkbox\" name=\"form_fields[field_a2ebcc9]\" id=\"form-field-field_a2ebcc9\" class=\"elementor-field elementor-size-md  elementor-acceptance-field\" required=\"required\">\n\t\t\t\t<label for=\"form-field-field_a2ebcc9\">He le\u00eddo y acepto los t\u00e9rminos y condiciones que se detallan en la Pol\u00edtica de Privacidad<\/a> de este sitio web.<\/label>\t\t\t<\/span>\n\t\t<\/div>\n\t\t\t\t\t\t<\/div>\n\t\t\t\t\t\t\t\t<div class=\"elementor-field-group elementor-column elementor-field-type-submit elementor-col-33 e-form__buttons\">\n\t\t\t\t\t<button class=\"elementor-button elementor-size-sm\" type=\"submit\">\n\t\t\t\t\t\t<span class=\"elementor-button-content-wrapper\">\n\t\t\t\t\t\t\t\t\t\t\t\t\t\t\t\t\t\t\t\t\t\t<span class=\"elementor-button-text\">Enviar<\/span>\n\t\t\t\t\t\t\t\t\t\t\t\t\t<\/span>\n\t\t\t\t\t<\/button>\n\t\t\t\t<\/div>\n\t\t\t<\/div>\n\t\t<\/form>\n\t\t\t\t\t\t<\/div>\n\t\t\t\t<\/div>\n\t\t\t\t<\/div>\n\t\t\t\t<\/div>\n\t\t","protected":false},"excerpt":{"rendered":"<p>UBICACI\u00d3N Donostia \/ San Sebasti\u00e1n CONTACTO events@molaevents.com +34 617 276 811 @mola_events_ Contacta Disen\u0303amos experiencias que inspiran, conectan y perduran. En MOLA Events transformamos cada evento en una vivencia de alto valor, donde la cultura, la gastronomi\u0301a y la excelencia se encuentran.<\/p>","protected":false},"author":1,"featured_media":0,"parent":0,"menu_order":0,"comment_status":"closed","ping_status":"closed","template":"","meta":{"footnotes":""},"class_list":["post-51","page","type-page","status-publish","hentry"],"_links":{"self":[{"href":"https:\/\/molaevents.com\/en\/wp-json\/wp\/v2\/pages\/51","targetHints":{"allow":["GET"]}}],"collection":[{"href":"https:\/\/molaevents.com\/en\/wp-json\/wp\/v2\/pages"}],"about":[{"href":"https:\/\/molaevents.com\/en\/wp-json\/wp\/v2\/types\/page"}],"author":[{"embeddable":true,"href":"https:\/\/molaevents.com\/en\/wp-json\/wp\/v2\/users\/1"}],"replies":[{"embeddable":true,"href":"https:\/\/molaevents.com\/en\/wp-json\/wp\/v2\/comments?post=51"}],"version-history":[{"count":34,"href":"https:\/\/molaevents.com\/en\/wp-json\/wp\/v2\/pages\/51\/revisions"}],"predecessor-version":[{"id":1088,"href":"https:\/\/molaevents.com\/en\/wp-json\/wp\/v2\/pages\/51\/revisions\/1088"}],"wp:attachment":[{"href":"https:\/\/molaevents.com\/en\/wp-json\/wp\/v2\/media?parent=51"}],"curies":[{"name":"wp","href":"https:\/\/api.w.org\/{rel}","templated":true}]}}